{"id":149,"date":"2022-11-22T20:40:50","date_gmt":"2022-11-22T20:40:50","guid":{"rendered":"http:\/\/www.rowina.fi\/?page_id=149"},"modified":"2022-11-22T21:56:19","modified_gmt":"2022-11-22T21:56:19","slug":"mika-minun-leikkaukseni-on","status":"publish","type":"page","link":"http:\/\/www.rowina.fi\/index.php\/mika-minun-leikkaukseni-on\/","title":{"rendered":"Mihin kategoriaan hiustenleikkaukseni menee?"},"content":{"rendered":"<p><strong>Siistimisleikkaus:<\/strong><br \/>\nK\u00e4yd\u00e4\u00e4n l\u00e4pi niska ja rajat siistien olemassa oleva malli, sopii silloin kun edellisest\u00e4 leikkauksesta on max. 3 viikkoa ja halutaan siistiyty\u00e4 jotakin tietty\u00e4 tapahtumaa varten.<\/p>\n<p><strong>Samaan malliin leikkaus:<\/strong><br \/>\nJos k\u00e4yt s\u00e4\u00e4nn\u00f6llisesti parturissa n. 1-2 kk v\u00e4lein ja pid\u00e4t samasta tyylist\u00e4, t\u00e4m\u00e4 on sinun vaihtoehtosi.<\/p>\n<p><strong>Mallin muutos leikkaus:<\/strong><br \/>\nOlet miettinyt aiemmasta poikkeavaa tyyli\u00e4 tai edellisest\u00e4 parturik\u00e4ynnist\u00e4 on aikaa jo yli 3kk ja nykyinen mallisi on kasvanut yli.<\/p>\n<p><strong>Latvojen tasaus:<\/strong><br \/>\nPitkien (yli olkap\u00e4iden) hiusten latvojen tasaaminen.<\/p>\n<p><strong>Otsatukan leikkaus:<\/strong><br \/>\nOtsatukan tasaaminen mittaan. Jos et viel\u00e4 omista otsatukkaa t\u00e4m\u00e4n leikkaaminen on mallin muutos.<\/p>\n<p><strong>Koneajo:<\/strong><br \/>\nKirjaimellisesti pelk\u00e4st\u00e4\u00e4n hiustenleikkauskoneella teht\u00e4v\u00e4 ty\u00f6, oli se sitten niskan rajaus tai koko p\u00e4\u00e4.<\/p>\n<p><strong>Lasten hiusten leikkaus:<\/strong><br \/>\nKoskee kaikkia t\u00f6it\u00e4 alle 7.v lapsilla.<\/p>\n","protected":false},"excerpt":{"rendered":"<p>Siistimisleikkaus: K\u00e4yd\u00e4\u00e4n l\u00e4pi niska ja rajat siistien olemassa oleva malli, sopii silloin kun edellisest\u00e4 leikkauksesta on max. 3 viikkoa ja halutaan siistiyty\u00e4 jotakin tietty\u00e4 tapahtumaa varten. Samaan malliin leikkaus: Jos k\u00e4yt s\u00e4\u00e4nn\u00f6llisesti parturissa n. 1-2 kk v\u00e4lein ja pid\u00e4t samasta tyylist\u00e4, t\u00e4m\u00e4 on sinun vaihtoehtosi. Mallin muutos leikkaus: Olet miettinyt aiemmasta poikkeavaa tyyli\u00e4 tai edellisest\u00e4 &hellip; <\/p>\n<p><a class=\"more-link btn\" href=\"http:\/\/www.rowina.fi\/index.php\/mika-minun-leikkaukseni-on\/\">Jatka lukemista<\/a><\/p>\n","protected":false},"author":1,"featured_media":0,"parent":0,"menu_order":0,"comment_status":"closed","ping_status":"closed","template":"","meta":[],"_links":{"self":[{"href":"http:\/\/www.rowina.fi\/index.php\/wp-json\/wp\/v2\/pages\/149"}],"collection":[{"href":"http:\/\/www.rowina.fi\/index.php\/wp-json\/wp\/v2\/pages"}],"about":[{"href":"http:\/\/www.rowina.fi\/index.php\/wp-json\/wp\/v2\/types\/page"}],"author":[{"embeddable":true,"href":"http:\/\/www.rowina.fi\/index.php\/wp-json\/wp\/v2\/users\/1"}],"replies":[{"embeddable":true,"href":"http:\/\/www.rowina.fi\/index.php\/wp-json\/wp\/v2\/comments?post=149"}],"version-history":[{"count":3,"href":"http:\/\/www.rowina.fi\/index.php\/wp-json\/wp\/v2\/pages\/149\/revisions"}],"predecessor-version":[{"id":170,"href":"http:\/\/www.rowina.fi\/index.php\/wp-json\/wp\/v2\/pages\/149\/revisions\/170"}],"wp:attachment":[{"href":"http:\/\/www.rowina.fi\/index.php\/wp-json\/wp\/v2\/media?parent=149"}],"curies":[{"name":"wp","href":"https:\/\/api.w.org\/{rel}","templated":true}]}}