{"id":124,"date":"2021-02-18T19:17:35","date_gmt":"2021-02-18T19:17:35","guid":{"rendered":"http:\/\/www.rowina.fi\/?page_id=124"},"modified":"2022-11-22T22:01:32","modified_gmt":"2022-11-22T22:01:32","slug":"ota-yhteytta","status":"publish","type":"page","link":"http:\/\/www.rowina.fi\/index.php\/ota-yhteytta\/","title":{"rendered":"Ota yhteytt\u00e4"},"content":{"rendered":"<p>Teen parturin t\u00f6it\u00e4 osa-aikaisesti, t\u00e4st\u00e4 johtuen tarjolla on vain ilta- ja viikonloppu aikoja.<\/p>\n<p>Tiedustele aikoja ensisijaisesti viestill\u00e4 tai whatsapilla numerosta 045 322 5214.<\/p>\n<p>Orivedentie 905, 35300 Orivesi<br \/>\npuh. 045 3225214<br \/>\nY-tunnus 2230976-2<\/p>\n<p>annika.siirila@rowina.fi<br \/>\nwww.rowina.fi<\/p>\n","protected":false},"excerpt":{"rendered":"<p>Teen parturin t\u00f6it\u00e4 osa-aikaisesti, t\u00e4st\u00e4 johtuen tarjolla on vain ilta- ja viikonloppu aikoja. Tiedustele aikoja ensisijaisesti viestill\u00e4 tai whatsapilla numerosta 045 322 5214. Orivedentie 905, 35300 Orivesi puh. 045 3225214 Y-tunnus 2230976-2 annika.siirila@rowina.fi www.rowina.fi<\/p>\n","protected":false},"author":1,"featured_media":0,"parent":0,"menu_order":0,"comment_status":"closed","ping_status":"closed","template":"","meta":[],"_links":{"self":[{"href":"http:\/\/www.rowina.fi\/index.php\/wp-json\/wp\/v2\/pages\/124"}],"collection":[{"href":"http:\/\/www.rowina.fi\/index.php\/wp-json\/wp\/v2\/pages"}],"about":[{"href":"http:\/\/www.rowina.fi\/index.php\/wp-json\/wp\/v2\/types\/page"}],"author":[{"embeddable":true,"href":"http:\/\/www.rowina.fi\/index.php\/wp-json\/wp\/v2\/users\/1"}],"replies":[{"embeddable":true,"href":"http:\/\/www.rowina.fi\/index.php\/wp-json\/wp\/v2\/comments?post=124"}],"version-history":[{"count":5,"href":"http:\/\/www.rowina.fi\/index.php\/wp-json\/wp\/v2\/pages\/124\/revisions"}],"predecessor-version":[{"id":173,"href":"http:\/\/www.rowina.fi\/index.php\/wp-json\/wp\/v2\/pages\/124\/revisions\/173"}],"wp:attachment":[{"href":"http:\/\/www.rowina.fi\/index.php\/wp-json\/wp\/v2\/media?parent=124"}],"curies":[{"name":"wp","href":"https:\/\/api.w.org\/{rel}","templated":true}]}}