{"id":112,"date":"2021-02-18T19:09:59","date_gmt":"2021-02-18T19:09:59","guid":{"rendered":"http:\/\/www.rowina.fi\/?page_id=112"},"modified":"2022-11-22T20:49:03","modified_gmt":"2022-11-22T20:49:03","slug":"hinnasto-2","status":"publish","type":"page","link":"http:\/\/www.rowina.fi\/index.php\/hinnasto-2\/","title":{"rendered":"Hinnasto"},"content":{"rendered":"\n<p><strong>Maksutapa: kortilla tai tasaraha k\u00e4teisen\u00e4<\/strong>. <\/p>\n\n\n\n<p><a href=\"http:\/\/www.rowina.fi\/index.php\/mika-minun-leikkaukseni-on\/\">Mietitk\u00f6 mik\u00e4 leikkaus on omasi? <\/a><\/p>\n\n\n\n<figure class=\"wp-block-image size-large\"><img loading=\"lazy\" width=\"630\" height=\"817\" src=\"http:\/\/www.rowina.fi\/wp-content\/uploads\/2021\/02\/Hinnasto.piilopirtti.jpg\" alt=\"\" class=\"wp-image-116\" srcset=\"http:\/\/www.rowina.fi\/wp-content\/uploads\/2021\/02\/Hinnasto.piilopirtti.jpg 630w, http:\/\/www.rowina.fi\/wp-content\/uploads\/2021\/02\/Hinnasto.piilopirtti-231x300.jpg 231w\" sizes=\"(max-width: 630px) 100vw, 630px\" \/><\/figure>\n\n\n\n<p><\/p>\n","protected":false},"excerpt":{"rendered":"<p>Maksutapa: kortilla tai tasaraha k\u00e4teisen\u00e4. Mietitk\u00f6 mik\u00e4 leikkaus on omasi?<\/p>\n","protected":false},"author":1,"featured_media":0,"parent":0,"menu_order":0,"comment_status":"closed","ping_status":"closed","template":"","meta":[],"_links":{"self":[{"href":"http:\/\/www.rowina.fi\/index.php\/wp-json\/wp\/v2\/pages\/112"}],"collection":[{"href":"http:\/\/www.rowina.fi\/index.php\/wp-json\/wp\/v2\/pages"}],"about":[{"href":"http:\/\/www.rowina.fi\/index.php\/wp-json\/wp\/v2\/types\/page"}],"author":[{"embeddable":true,"href":"http:\/\/www.rowina.fi\/index.php\/wp-json\/wp\/v2\/users\/1"}],"replies":[{"embeddable":true,"href":"http:\/\/www.rowina.fi\/index.php\/wp-json\/wp\/v2\/comments?post=112"}],"version-history":[{"count":5,"href":"http:\/\/www.rowina.fi\/index.php\/wp-json\/wp\/v2\/pages\/112\/revisions"}],"predecessor-version":[{"id":154,"href":"http:\/\/www.rowina.fi\/index.php\/wp-json\/wp\/v2\/pages\/112\/revisions\/154"}],"wp:attachment":[{"href":"http:\/\/www.rowina.fi\/index.php\/wp-json\/wp\/v2\/media?parent=112"}],"curies":[{"name":"wp","href":"https:\/\/api.w.org\/{rel}","templated":true}]}}