{"id":109,"date":"2021-02-18T19:07:05","date_gmt":"2021-02-18T19:07:05","guid":{"rendered":"http:\/\/www.rowina.fi\/?page_id=109"},"modified":"2022-11-22T21:25:16","modified_gmt":"2022-11-22T21:25:16","slug":"etusivu","status":"publish","type":"page","link":"http:\/\/www.rowina.fi\/","title":{"rendered":"Etusivu"},"content":{"rendered":"\n<p>Parturi Piilopirtti sijaitsee Orivedell\u00e4 Naappilan kyl\u00e4ss\u00e4, tarjolla on toistaiseksi vain parturipalveluita pesumahdollisuuden puuttuessa. Tulethan kuitenkin paikanp\u00e4\u00e4lle mahdollisimman puhtailla hiuksilla parhaan leikkaustuloksen saavuttamiseksi. <\/p>\n\n\n\n<p>Liiketila sijaitsee  tien p\u00e4\u00e4ss\u00e4 omakotitalon kyljess\u00e4 omalla ovella varustetussa tilassa, tiloissa ei ole odotustilaa, joten jonon syntyess\u00e4 odotathan omaa vuoroasi autossa.<\/p>\n\n\n\n<p><span class=\"has-inline-color has-vivid-red-color\"><strong>Otathan huomioon my\u00f6s, ett\u00e4 taloudessamme on sek\u00e4 kissoja ett\u00e4 koiria. He eiv\u00e4t oleskele tiloissa k\u00e4yt\u00f6n aikana, mutta muutoin kyll\u00e4.<\/strong> <\/span><\/p>\n\n\n\n<figure class=\"wp-block-image size-large\"><img loading=\"lazy\" width=\"762\" height=\"766\" src=\"http:\/\/www.rowina.fi\/wp-content\/uploads\/2021\/02\/piilopirtti.ruususakset.png\" alt=\"\" class=\"wp-image-114\" srcset=\"http:\/\/www.rowina.fi\/wp-content\/uploads\/2021\/02\/piilopirtti.ruususakset.png 762w, http:\/\/www.rowina.fi\/wp-content\/uploads\/2021\/02\/piilopirtti.ruususakset-298x300.png 298w, http:\/\/www.rowina.fi\/wp-content\/uploads\/2021\/02\/piilopirtti.ruususakset-150x150.png 150w, http:\/\/www.rowina.fi\/wp-content\/uploads\/2021\/02\/piilopirtti.ruususakset-750x754.png 750w\" sizes=\"(max-width: 762px) 100vw, 762px\" \/><\/figure>\n","protected":false},"excerpt":{"rendered":"<p>Parturi Piilopirtti sijaitsee Orivedell\u00e4 Naappilan kyl\u00e4ss\u00e4, tarjolla on toistaiseksi vain parturipalveluita pesumahdollisuuden puuttuessa. Tulethan kuitenkin paikanp\u00e4\u00e4lle mahdollisimman puhtailla hiuksilla parhaan leikkaustuloksen saavuttamiseksi. Liiketila sijaitsee tien p\u00e4\u00e4ss\u00e4 omakotitalon kyljess\u00e4 omalla ovella varustetussa tilassa, tiloissa ei ole odotustilaa, joten jonon syntyess\u00e4 odotathan omaa vuoroasi autossa. Otathan huomioon my\u00f6s, ett\u00e4 taloudessamme on sek\u00e4 kissoja ett\u00e4 koiria. He eiv\u00e4t &hellip; <\/p>\n<p><a class=\"more-link btn\" href=\"http:\/\/www.rowina.fi\/\">Jatka lukemista<\/a><\/p>\n","protected":false},"author":1,"featured_media":0,"parent":0,"menu_order":0,"comment_status":"closed","ping_status":"closed","template":"","meta":[],"_links":{"self":[{"href":"http:\/\/www.rowina.fi\/index.php\/wp-json\/wp\/v2\/pages\/109"}],"collection":[{"href":"http:\/\/www.rowina.fi\/index.php\/wp-json\/wp\/v2\/pages"}],"about":[{"href":"http:\/\/www.rowina.fi\/index.php\/wp-json\/wp\/v2\/types\/page"}],"author":[{"embeddable":true,"href":"http:\/\/www.rowina.fi\/index.php\/wp-json\/wp\/v2\/users\/1"}],"replies":[{"embeddable":true,"href":"http:\/\/www.rowina.fi\/index.php\/wp-json\/wp\/v2\/comments?post=109"}],"version-history":[{"count":12,"href":"http:\/\/www.rowina.fi\/index.php\/wp-json\/wp\/v2\/pages\/109\/revisions"}],"predecessor-version":[{"id":169,"href":"http:\/\/www.rowina.fi\/index.php\/wp-json\/wp\/v2\/pages\/109\/revisions\/169"}],"wp:attachment":[{"href":"http:\/\/www.rowina.fi\/index.php\/wp-json\/wp\/v2\/media?parent=109"}],"curies":[{"name":"wp","href":"https:\/\/api.w.org\/{rel}","templated":true}]}}